{"id":20368,"date":"2018-08-16T09:25:36","date_gmt":"2018-08-16T09:25:36","guid":{"rendered":"http:\/\/www.horvatingatlanok.com\/cookies\/"},"modified":"2018-08-16T14:18:57","modified_gmt":"2018-08-16T14:18:57","slug":"cookies","status":"publish","type":"page","link":"https:\/\/www.horvatingatlanok.com\/it\/cookies\/","title":{"rendered":"Cookies"},"content":{"rendered":"<h1><span title=\"T\u00e1j\u00e9koztat\u00f3 a s\u00fctik haszn\u00e1lat\u00e1r\u00f3l (Cookie Policy)\">Informazioni sulla politica sui cookie<\/span><\/h1>\n<p><span title=\"A Zvijezda Danica d.o.o.\">A Zvijezda Danica d.o.o. <\/span><span title=\"\u00e1ltal \u00fczemeltetett weboldalakra val\u00f3 bel\u00e9p\u00e9ssel, ha ezt az \u00d6n (a l\u00e1togat\u00f3) \u00e1ltal haszn\u00e1lt b\u00f6ng\u00e9sz\u0151 be\u00e1ll\u00edt\u00e1sok engedik, a weboldal automatikusan \u00fan.\">accedendo alle pagine web gestite dall&#8217;utente (il visitatore), il sito web verr\u00e0 automaticamente chiamato &#8221; <\/span><span title=\"sz\u00e1m\u00edt\u00f3g\u00e9pes \u201es\u00fctiket\u201d (cookie) hoz l\u00e9tre.\">crea un cookie per computer.<br \/>\n<\/span><\/p>\n<h2><span title=\"Mi a s\u00fcti (cookie)?\">Cos&#8217;\u00e8 un cookie?<\/span><\/h2>\n<p><span title=\"A s\u00fcti (cookie) egy kism\u00e9ret\u0171 f\u00e1jl, amely akkor ker\u00fclhet a sz\u00e1m\u00edt\u00f3g\u00e9pre vagy a b\u00f6ng\u00e9sz\u00e9sre haszn\u00e1lt m\u00e1s eszk\u00f6zre, amikor \u00d6n egy Weboldalt l\u00e1togat meg.\">Cookie \u00e8 un file di piccole dimensioni a cui \u00e8 possibile accedere su un computer o altro dispositivo utilizzato per la navigazione quando si visita un sito Web. <\/span><span title=\"A s\u00fctik sz\u00e1mtalan funkci\u00f3val rendelkeznek, t\u00f6bbek k\u00f6z\u00f6tt azonos\u00edtj\u00e1k felhaszn\u00e1l\u00f3hoz tartoz\u00f3 munkamenetet a szerveren, megjegyzik a l\u00e1togat\u00f3 egy\u00e9ni be\u00e1ll\u00edt\u00e1sait, inform\u00e1ci\u00f3t gy\u0171jthetnek a l\u00e1togat\u00f3 szok\u00e1sair\u00f3l a weboldalon, felhaszn\u00e1l\u00e1sra ker\u00fclhetnek a honlapon \u00e9s m\u00e1s weboldalakon tal\u00e1lhat\u00f3 rekl\u00e1mtartalmak optimaliz\u00e1ci\u00f3j\u00e1hoz, felhaszn\u00e1l\u00e1sra ker\u00fclnek pl.\">I cookie hanno innumerevoli funzioni, tra cui l&#8217;identificazione della sessione di un utente sul server, la creazione di commenti sulle impostazioni personalizzate del visitatore, la raccolta di informazioni sulle abitudini del visitatore sul sito Web, l&#8217;utilizzo di quest&#8217;ultimo per ottimizzare i contenuti pubblicitari sul sito Web e altri siti Web, <\/span><span title=\"az online keres\u0151k haszn\u00e1latakor, \u00e9s \u00e1ltal\u00e1noss\u00e1gban megk\u00f6nny\u00edtik a Weboldal haszn\u00e1lat\u00e1t az \u00d6n sz\u00e1m\u00e1ra.\">quando si utilizzano i motori di ricerca online e generalmente si facilita l&#8217;utilizzo del sito Web da parte dell&#8217;utente.<\/p>\n<p><\/span><span title=\"A s\u00fcti egy inform\u00e1ci\u00f3csomag, amelyet az adott webszerver k\u00fcld a b\u00f6ng\u00e9sz\u0151nek, majd a b\u00f6ng\u00e9sz\u0151 visszak\u00fcld a szervernek minden, a szerver fel\u00e9 ir\u00e1ny\u00edtott k\u00e9r\u00e9s alkalm\u00e1val.\">Il cookie \u00e8 un pacchetto di informazioni che il server Web invia al browser e quindi invia il browser al server ad ogni richiesta diretta al server. <\/span><span title=\"A s\u00fctik &quot;passz\u00edvak&quot;, azaz nem tartalmaznak futtathat\u00f3 \u00e1llom\u00e1nyokat, v\u00edrusokat, illetve k\u00e9mprogramokat (spyware), valamint nem f\u00e9rnek hozz\u00e1 az \u00d6n merevlemez\u00e9nek adataihoz.\">I cookie sono &#8220;passivi&#8221;, cio\u00e8 non contengono file eseguibili, virus o spyware e non hanno accesso ai dati del tuo disco rigido. <\/span><span title=\"Mivel azonban az \u00d6n ig\u00e9nyeire \u00e9s navig\u00e1l\u00e1si el\u0151zm\u00e9nyeire vonatkoz\u00f3 inform\u00e1ci\u00f3kat t\u00e1rolnak, \u00edgy sz\u00e1mos antiv\u00edrus program a s\u00fctiket folyamatosan t\u00f6rl\u00e9sre \u00edt\u00e9li a k\u00fcl\u00f6nf\u00e9le sz\u00e1m\u00edt\u00f3g\u00e9p-\u00e1tvizsg\u00e1l\u00e1si folyamatok (teljes rendszervizsg\u00e1lat, val\u00f3s idej\u0171 v\u00e9delem) sor\u00e1n.\">Tuttavia, man mano che vengono archiviate le informazioni sulle tue esigenze e sulla cronologia di navigazione, molti programmi anti-virus elimineranno definitivamente i cookie nei vari processi di scansione del computer (scansione completa del sistema, protezione in tempo reale). <\/span><span title=\"\u00c1ltal\u00e1ban a b\u00f6ng\u00e9sz\u0151kben olyan adatbiztons\u00e1gi be\u00e1ll\u00edt\u00e1sok vannak, melyek lehet\u0151v\u00e9 teszik adott oldalak \u00e1ltal elhelyezett s\u00fctik t\u00f6bbszint\u0171 elfogad\u00e1s\u00e1t, azok \u00e9rv\u00e9nyess\u00e9gi idej\u00e9nek meghat\u00e1roz\u00e1sa \u00e9s automatikus t\u00f6rl\u00e9se mellett.\">Di solito, i browser dispongono di impostazioni di sicurezza dei dati che consentono pi\u00f9 livelli di accettazione dei cookie inseriti da pagine specifiche, determinandone il tempo di validit\u00e0 e cancellandoli automaticamente.<\/p>\n<p><\/span><span title=\"A s\u00fctik haszn\u00e1lat\u00e1nak elfogad\u00e1sa, enged\u00e9lyez\u00e9se nem k\u00f6telez\u0151.\">Accettare o abilitare i cookie \u00e8 facoltativo. <\/span><span title=\"\u00d6n vissza tudja utas\u00edtani a s\u00fctik haszn\u00e1lat\u00e1t a honlap el\u00e9r\u00e9s\u00e9hez haszn\u00e1lt b\u00f6ng\u00e9sz\u0151je be\u00e1ll\u00edt\u00e1sain kereszt\u00fcl, azonban ilyen esetben, s\u00fctik n\u00e9lk\u00fcl nem tudja majd marad\u00e9ktalanul kihaszn\u00e1lni a Weboldal minden funkci\u00f3j\u00e1t, szolg\u00e1ltat\u00e1s\u00e1t, illetve ezek alkalmaz\u00e1sa n\u00e9lk\u00fcl az \u00fczemeltet\u0151 (Adatkezel\u0151) sem tudja garant\u00e1lni \u00d6nnek a Weboldal teljes k\u00f6r\u0171\">\u00c8 possibile restituire i cookie all&#8217;uso dei cookie attraverso le impostazioni del sito Web del browser, ma in tali casi non sar\u00e0 possibile utilizzare appieno tutte le funzionalit\u00e0 e i servizi del sito Web senza il cookie, oppure l&#8217;operatore (Responsabile dei dati) non sar\u00e0 in grado di garantire la piena disponibilit\u00e0 <\/span><span title=\"haszn\u00e1lat\u00e1t.\">haszn\u00e1lat\u00e1t.<\/span><\/p>\n<h3><span title=\"Az oldalon haszn\u00e1lt s\u00fctik\">Cookie sul sito<\/span><\/h3>\n<p><span title=\"T\u00e1j\u00e9koztatjuk, hogy ezek a s\u00fctik \u00f6nmagukban nem tudj\u00e1k a l\u00e1togat\u00f3t szem\u00e9ly szerint beazonos\u00edtani.\">Si noti che questi cookie da soli non possono identificare il visitatore personalmente.<\/p>\n<p><\/span><span title=\"Amire a jelen weboldal haszn\u00e1lja a s\u00fctiket:\"><strong>Cosa questo sito utilizza per i cookie:<\/strong><\/p>\n<p><\/span><span title=\"azonos\u00edtja a szerver fel\u00e9 a munkamenetet, a keres\u0151k \u00e9s egy\u00e9b folytonoss\u00e1got ig\u00e9nyl\u0151 szolg\u00e1ltat\u00e1saink sz\u00e1m\u00e1ra;\">identifica il server sul server per i motori di ricerca e altri servizi che richiedono continuit\u00e0;<br \/>\n<\/span><span title=\"t\u00e1rolja milyen funkci\u00f3kat, szolg\u00e1ltat\u00e1sokat vett ig\u00e9nybe;\">memorizza quali caratteristiche e servizi hanno;<br \/>\n<\/span><span title=\"konverzi\u00f3 k\u00f6vet\u00e9sre \u00e9s hirdet\u00e9s optimaliz\u00e1l\u00e1sra;\">monitoraggio delle conversioni e ottimizzazione degli annunci;<br \/>\n<\/span><span title=\"l\u00e1togat\u00e1si statisztik\u00e1k k\u00e9sz\u00edt\u00e9s\u00e9hez;\">per produrre statistiche sui visitatori;<\/p>\n<p><\/span><span title=\"Azaz a s\u00fctiket alapvet\u0151en inform\u00e1ci\u00f3 gy\u0171jt\u00e9sre haszn\u00e1ljuk fel a m\u00e9g jobb \u00e9s min\u0151s\u00e9gi felhaszn\u00e1l\u00f3i \u00e9lm\u00e9ny biztos\u00edt\u00e1sa \u00e9s honlapunk fejleszt\u00e9se c\u00e9lj\u00e1b\u00f3l.\">Cio\u00e8, i cookie sono fondamentalmente utilizzati per raccogliere informazioni per fornire un&#8217;esperienza utente ancora migliore e migliore e per sviluppare il nostro sito web.<\/p>\n<p><\/span><span title=\"Ezen s\u00fctik egy r\u00e9sze felt\u00e9tlen\u00fcl sz\u00fcks\u00e9gesek ahhoz, hogy a felhaszn\u00e1l\u00f3k b\u00f6ng\u00e9szhess\u00e9k honlapunkat, marad\u00e9ktalanul \u00e9s z\u00f6kken\u0151mentesen haszn\u00e1lhass\u00e1k annak funkci\u00f3t, a honlapunkon kereszt\u00fcl el\u00e9rhet\u0151 szolg\u00e1ltat\u00e1sokat.\">Alcuni di questi cookie sono assolutamente necessari per consentire agli utenti di navigare nel nostro sito, per utilizzare pienamente e senza problemi le funzionalit\u00e0 disponibili sul nostro sito. <\/span><span title=\"Ezek az \u00fan.\">Questi sono i cosiddetti. <\/span><span title=\"munkamenet s\u00fctik, melyek t\u00f6bbek k\u00f6z\u00f6tt lehet\u0151v\u00e9 teszik a l\u00e1togat\u00f3 \u00e1ltal adott oldalon, funkci\u00f3ban vagy szolg\u00e1ltat\u00e1sban v\u00e9gzett m\u0171veletek megjegyz\u00e9s\u00e9t egy l\u00e1togat\u00e1s sor\u00e1n.\">cookie di sessione, che consentono, ad esempio, di commentare un sito, funzionalit\u00e0 o servizio fornito da un visitatore durante una visita. <\/span><span title=\"Ezen s\u00fctik \u00e9rv\u00e9nyess\u00e9gi ideje kiz\u00e1r\u00f3lag az aktu\u00e1lis l\u00e1togat\u00e1sra vonatkozik, a munkamenet v\u00e9gezt\u00e9vel, illetve a b\u00f6ng\u00e9sz\u0151 bez\u00e1r\u00e1s\u00e1val a s\u00fctik e fajt\u00e1ja automatikusan t\u00f6rl\u0151dik a sz\u00e1m\u00edt\u00f3g\u00e9pr\u0151l, illetve a b\u00f6ng\u00e9sz\u00e9sre haszn\u00e1lt m\u00e1s eszk\u00f6zr\u0151l, ha az \u00edgy van be\u00e1ll\u00edtva.\">Questi cookie sono validi solo per la visita corrente, dopo la fine della sessione o la chiusura del browser, questo tipo di cookie verr\u00e0 automaticamente cancellato dal computer o altro dispositivo utilizzato per la navigazione, se impostato.<\/p>\n<p><\/span><span title=\"A honlapon haszn\u00e1lt harmadik f\u00e9l \u00e1ltali s\u00fctik\"><strong>Cookie di terze parti utilizzati su questo sito<\/strong><\/p>\n<p><\/span><span title=\"A web \u00e9s a s\u00fctik m\u0171k\u00f6d\u00e9si alapelvei miatt, az oldal haszn\u00e1lata sor\u00e1n l\u00e9trej\u00f6hetnek egy\u00e9b harmadik f\u00e9l \u00e1ltali s\u00fctik is, melyekre a weboldal \u00fczemeltet\u0151j\u00e9nek nincs r\u00e1hat\u00e1sa.\">A causa dei principi del Web e dei cookie, \u00e8 possibile che vengano creati cookie di terzi quando si utilizza questo sito e l&#8217;operatore del sito Web potrebbe non essere interessato.<\/p>\n<p><\/span><span title=\"A cookei-k t\u00e1rol\u00e1s\u00e1t a felhaszn\u00e1l\u00f3 a b\u00f6ng\u00e9sz\u0151j\u00e9nek megfelel\u0151 be\u00e1ll\u00edt\u00e1s\u00e1val megakad\u00e1lyozhatja.\">La memorizzazione dei cookie pu\u00f2 essere prevenuta impostando correttamente il browser. <\/span><span title=\"Megakad\u00e1lyozhatja tov\u00e1bb\u00e1, hogy a Google gy\u0171jtse \u00e9s feldolgozza a cookie-k \u00e1ltali, a Felhaszn\u00e1l\u00f3 weboldalhaszn\u00e1lattal kapcsolatos adatait (bele\u00e9rtve az IP-c\u00edmet is), ha let\u00f6lti \u00e9s telep\u00edti a k\u00f6vetkez\u0151 linken el\u00e9rhet\u0151 b\u00f6ng\u00e9sz\u0151 plugint.\">Puoi inoltre impedire a Google di raccogliere ed elaborare le informazioni sui cookie (incluso il tuo indirizzo IP) sull&#8217;utilizzo del sito Web dell&#8217;Utente scaricando e installando il plug-in del browser disponibile sul link sottostante. <\/span><span title=\"https:\/\/tools.google.com\/dlpage\/gaoptout?hl=hu\"><a href=\"https:\/\/tools.google.com\/dlpage\/gaoptout?hl=hu\">https:\/\/tools.google.com\/dlpage\/gaoptout?hl=hu<\/a><\/p>\n<p><\/span><span title=\"Google Analytics statisztikai szolg\u00e1ltat\u00e1sa\"><strong>Servizio statistico di Google Analytics<\/strong><\/p>\n<p><\/span><span title=\"A Weboldalon alkalmazuk a Google Analytics alkalmaz\u00e1st, amely a Google Inc.\">Sul sito web, utilizziamo l&#8217;applicazione Google Analytics che Google Inc. <\/span><span title=\"webelemz\u0151 szolg\u00e1ltat\u00e1sa.\">servizio di analisi web. <\/span><span title=\"A Google Analytics sz\u00f6vegf\u00e1jlokat (cookie-kat) haszn\u00e1l, amelyek automatikusan lement\u0151dnek a felhaszn\u00e1l\u00f3 sz\u00e1m\u00edt\u00f3g\u00e9p\u00e9re, ez\u00e1ltal el\u0151seg\u00edtik a felhaszn\u00e1l\u00f3 \u00e1ltal l\u00e1togatott Weboldal l\u00e1togat\u00e1s\u00e1nak elemz\u00e9s\u00e9t.\">Google Analytics utilizza file di testo (cookie) che vengono creati automaticamente sul computer dell&#8217;utente per aiutarti ad analizzare la visita di un sito visitato dall&#8217;utente.<br \/>\n<\/span><span title=\"A Google Analytics s\u00fctik inform\u00e1ci\u00f3t gy\u0171jtenek arr\u00f3l, hogy haszn\u00e1lj\u00e1k a Felhaszn\u00e1l\u00f3k a Weboldalt.\">I cookie di Google Analytics raccolgono informazioni su come gli utenti utilizzano il sito Web. <\/span><span title=\"Ezek a s\u00fctik nem tudj\u00e1k \u00d6nt szem\u00e9ly szerint beazonos\u00edtani (az \u00e9ppen haszn\u00e1lt IP c\u00edmet is csak r\u00e9szben r\u00f6gz\u00edtik).\">Questi cookie non possono identificarti personalmente (l&#8217;indirizzo IP che stai usando \u00e8 solo parzialmente acquisito). <\/span><span title=\"Ezek a s\u00fctik olyan statisztikai inform\u00e1ci\u00f3kat gy\u0171jtenek, mint pl.\">Questi cookie raccolgono informazioni statistiche come <\/span><span title=\"mely oldalt n\u00e9zte meg a l\u00e1togat\u00f3, a Weboldal mely r\u00e9sz\u00e9re kattintott, h\u00e1ny oldalt keresett fel, milyen hossz\u00fa volt az egyes munkamenetek megtekint\u00e9si ideje, melyek voltak az esetleges hiba\u00fczenetek.\">la pagina visitata dal sito, quante pagine sono state cercate, per quanto tempo \u00e8 stata visualizzata la sessione, i possibili messaggi di errore. <\/span><span title=\"Mindezt a Weboldal fejleszt\u00e9s\u00e9nek, valamint az \u00d6n sz\u00e1m\u00e1ra biztos\u00edtott \u00e9lm\u00e9nyek jav\u00edt\u00e1sa c\u00e9lj\u00e1b\u00f3l haszn\u00e1ljuk fel.\">Usiamo questo per migliorare lo sviluppo del sito web e l&#8217;esperienza che fornisci.<br \/>\n<\/span><span title=\"Ezen s\u00fctik szint\u00e9n lej\u00e1ratukig a l\u00e1togat\u00f3 sz\u00e1m\u00edt\u00f3g\u00e9p\u00e9n vagy b\u00f6ng\u00e9sz\u00e9s\">Questi cookie scadranno anche sul computer del visitatore o durante la navigazione<\/span><\/p>\n","protected":false},"excerpt":{"rendered":"<p>Informazioni sulla politica sui cookie A Zvijezda Danica d.o.o. accedendo alle pagine web gestite dall&#8217;utente (il visitatore), il sito web verr\u00e0 automaticamente chiamato &#8221; crea un cookie per computer. Cos&#8217;\u00e8 un cookie? Cookie \u00e8 un file di piccole dimensioni a cui \u00e8 possibile accedere su un computer o altro dispositivo utilizzato per la navigazione quando [&hellip;]<\/p>\n","protected":false},"author":1,"featured_media":0,"parent":0,"menu_order":0,"comment_status":"closed","ping_status":"closed","template":"","meta":{"_acf_changed":false,"footnotes":""},"class_list":["post-20368","page","type-page","status-publish","hentry"],"acf":[],"yoast_head":"<!-- This site is optimized with the Yoast SEO plugin v24.9 - https:\/\/yoast.com\/wordpress\/plugins\/seo\/ -->\n<title>Cookies - Horvatingatlanok<\/title>\n<meta name=\"robots\" content=\"index, follow, max-snippet:-1, max-image-preview:large, max-video-preview:-1\" \/>\n<link rel=\"canonical\" href=\"https:\/\/www.horvatingatlanok.com\/cookies\/\" \/>\n<meta property=\"og:locale\" content=\"it_IT\" \/>\n<meta property=\"og:type\" content=\"article\" \/>\n<meta property=\"og:title\" content=\"Cookies - Horvatingatlanok\" \/>\n<meta property=\"og:description\" content=\"Informazioni sulla politica sui cookie A Zvijezda Danica d.o.o. accedendo alle pagine web gestite dall&#8217;utente (il visitatore), il sito web verr\u00e0 automaticamente chiamato &#8221; crea un cookie per computer. Cos&#8217;\u00e8 un cookie? Cookie \u00e8 un file di piccole dimensioni a cui \u00e8 possibile accedere su un computer o altro dispositivo utilizzato per la navigazione quando [&hellip;]\" \/>\n<meta property=\"og:url\" content=\"https:\/\/www.horvatingatlanok.com\/cookies\/\" \/>\n<meta property=\"og:site_name\" content=\"Horvatingatlanok\" \/>\n<meta property=\"article:publisher\" content=\"https:\/\/www.facebook.com\/Danica-741842372623426\/\" \/>\n<meta property=\"article:modified_time\" content=\"2018-08-16T14:18:57+00:00\" \/>\n<meta name=\"twitter:card\" content=\"summary_large_image\" \/>\n<meta name=\"twitter:site\" content=\"@HSzikora\" \/>\n<meta name=\"twitter:label1\" content=\"Tempo di lettura stimato\" \/>\n\t<meta name=\"twitter:data1\" content=\"3 minuti\" \/>\n<script type=\"application\/ld+json\" class=\"yoast-schema-graph\">{\"@context\":\"https:\/\/schema.org\",\"@graph\":[{\"@type\":\"WebPage\",\"@id\":\"https:\/\/www.horvatingatlanok.com\/cookies\/\",\"url\":\"https:\/\/www.horvatingatlanok.com\/cookies\/\",\"name\":\"Cookies - Horvatingatlanok\",\"isPartOf\":{\"@id\":\"https:\/\/www.horvatingatlanok.com\/en\/#website\"},\"datePublished\":\"2018-08-16T09:25:36+00:00\",\"dateModified\":\"2018-08-16T14:18:57+00:00\",\"breadcrumb\":{\"@id\":\"https:\/\/www.horvatingatlanok.com\/cookies\/#breadcrumb\"},\"inLanguage\":\"it-IT\",\"potentialAction\":[{\"@type\":\"ReadAction\",\"target\":[\"https:\/\/www.horvatingatlanok.com\/cookies\/\"]}]},{\"@type\":\"BreadcrumbList\",\"@id\":\"https:\/\/www.horvatingatlanok.com\/cookies\/#breadcrumb\",\"itemListElement\":[{\"@type\":\"ListItem\",\"position\":1,\"name\":\"Home\",\"item\":\"https:\/\/www.horvatingatlanok.com\/home\/\"},{\"@type\":\"ListItem\",\"position\":2,\"name\":\"Cookies\"}]},{\"@type\":\"WebSite\",\"@id\":\"https:\/\/www.horvatingatlanok.com\/en\/#website\",\"url\":\"https:\/\/www.horvatingatlanok.com\/en\/\",\"name\":\"Horvatingatlanok\",\"description\":\"Nekretnine Danica\",\"potentialAction\":[{\"@type\":\"SearchAction\",\"target\":{\"@type\":\"EntryPoint\",\"urlTemplate\":\"https:\/\/www.horvatingatlanok.com\/en\/?s={search_term_string}\"},\"query-input\":{\"@type\":\"PropertyValueSpecification\",\"valueRequired\":true,\"valueName\":\"search_term_string\"}}],\"inLanguage\":\"it-IT\"}]}<\/script>\n<!-- \/ Yoast SEO plugin. -->","yoast_head_json":{"title":"Cookies - Horvatingatlanok","robots":{"index":"index","follow":"follow","max-snippet":"max-snippet:-1","max-image-preview":"max-image-preview:large","max-video-preview":"max-video-preview:-1"},"canonical":"https:\/\/www.horvatingatlanok.com\/cookies\/","og_locale":"it_IT","og_type":"article","og_title":"Cookies - Horvatingatlanok","og_description":"Informazioni sulla politica sui cookie A Zvijezda Danica d.o.o. accedendo alle pagine web gestite dall&#8217;utente (il visitatore), il sito web verr\u00e0 automaticamente chiamato &#8221; crea un cookie per computer. Cos&#8217;\u00e8 un cookie? Cookie \u00e8 un file di piccole dimensioni a cui \u00e8 possibile accedere su un computer o altro dispositivo utilizzato per la navigazione quando [&hellip;]","og_url":"https:\/\/www.horvatingatlanok.com\/cookies\/","og_site_name":"Horvatingatlanok","article_publisher":"https:\/\/www.facebook.com\/Danica-741842372623426\/","article_modified_time":"2018-08-16T14:18:57+00:00","twitter_card":"summary_large_image","twitter_site":"@HSzikora","twitter_misc":{"Tempo di lettura stimato":"3 minuti"},"schema":{"@context":"https:\/\/schema.org","@graph":[{"@type":"WebPage","@id":"https:\/\/www.horvatingatlanok.com\/cookies\/","url":"https:\/\/www.horvatingatlanok.com\/cookies\/","name":"Cookies - Horvatingatlanok","isPartOf":{"@id":"https:\/\/www.horvatingatlanok.com\/en\/#website"},"datePublished":"2018-08-16T09:25:36+00:00","dateModified":"2018-08-16T14:18:57+00:00","breadcrumb":{"@id":"https:\/\/www.horvatingatlanok.com\/cookies\/#breadcrumb"},"inLanguage":"it-IT","potentialAction":[{"@type":"ReadAction","target":["https:\/\/www.horvatingatlanok.com\/cookies\/"]}]},{"@type":"BreadcrumbList","@id":"https:\/\/www.horvatingatlanok.com\/cookies\/#breadcrumb","itemListElement":[{"@type":"ListItem","position":1,"name":"Home","item":"https:\/\/www.horvatingatlanok.com\/home\/"},{"@type":"ListItem","position":2,"name":"Cookies"}]},{"@type":"WebSite","@id":"https:\/\/www.horvatingatlanok.com\/en\/#website","url":"https:\/\/www.horvatingatlanok.com\/en\/","name":"Horvatingatlanok","description":"Nekretnine Danica","potentialAction":[{"@type":"SearchAction","target":{"@type":"EntryPoint","urlTemplate":"https:\/\/www.horvatingatlanok.com\/en\/?s={search_term_string}"},"query-input":{"@type":"PropertyValueSpecification","valueRequired":true,"valueName":"search_term_string"}}],"inLanguage":"it-IT"}]}},"_links":{"self":[{"href":"https:\/\/www.horvatingatlanok.com\/it\/wp-json\/wp\/v2\/pages\/20368","targetHints":{"allow":["GET"]}}],"collection":[{"href":"https:\/\/www.horvatingatlanok.com\/it\/wp-json\/wp\/v2\/pages"}],"about":[{"href":"https:\/\/www.horvatingatlanok.com\/it\/wp-json\/wp\/v2\/types\/page"}],"author":[{"embeddable":true,"href":"https:\/\/www.horvatingatlanok.com\/it\/wp-json\/wp\/v2\/users\/1"}],"replies":[{"embeddable":true,"href":"https:\/\/www.horvatingatlanok.com\/it\/wp-json\/wp\/v2\/comments?post=20368"}],"version-history":[{"count":1,"href":"https:\/\/www.horvatingatlanok.com\/it\/wp-json\/wp\/v2\/pages\/20368\/revisions"}],"predecessor-version":[{"id":20370,"href":"https:\/\/www.horvatingatlanok.com\/it\/wp-json\/wp\/v2\/pages\/20368\/revisions\/20370"}],"wp:attachment":[{"href":"https:\/\/www.horvatingatlanok.com\/it\/wp-json\/wp\/v2\/media?parent=20368"}],"curies":[{"name":"wp","href":"https:\/\/api.w.org\/{rel}","templated":true}]}}