{"id":20366,"date":"2018-08-16T09:12:18","date_gmt":"2018-08-16T09:12:18","guid":{"rendered":"http:\/\/www.horvatingatlanok.com\/?page_id=20366"},"modified":"2018-08-16T09:12:18","modified_gmt":"2018-08-16T09:12:18","slug":"cookies","status":"publish","type":"page","link":"https:\/\/www.horvatingatlanok.com\/hr\/cookies\/","title":{"rendered":"Cookies"},"content":{"rendered":"<h1>Uvjeti kori\u0161tenja<\/h1>\n<div class=\"spacer-1\"><\/div>\n<p>Svi sadr\u017eaji objavljeni na ovom web podlije\u017eu za\u0161titi autorskih prava. Neovla\u0161teno kori\u0161tenje bilo kojeg dijela web i sadr\u017eaja smatra se kr\u0161enjem autorskih prava i podlo\u017eno je tu\u017ebi.<\/p>\n<p>U daljnjem tekstu poja\u0161njeni su uvjeti pod kojima se prikupljaju i koriste podaci koje je korisnik dostavio putem obrasca.<br \/>\nUkoliko se ne sla\u017eete sa sadr\u017eajem daljnjeg teksta, molimo da ni u kojem slu\u010daju ne ostavljate svoje podatke na ovom webu.<br \/>\nSvrha prikupljanja podataka putem obrasca je uspostaviti kontakt s korisnikom kako bi se me\u0111usobno informirati o aktivnostima koje radimo.<br \/>\nSve dostavljene podatke od korisnika smijemo koristiti za potrebe informiranja, obavje\u0161tavanja i promocije o proizvodima i aktivnostima koje provodimo. Korisnik je suglasan da mu na periodi\u010dkoj bazi \u0161aljemo infomacije o na\u0161im aktivnostima.<br \/>\nSvi se podaci o korisnicima strogo \u010duvaju i dostupni su samo osobama kojima su ti podaci nu\u017eni za obavljanje posla.<br \/>\nNi u kojem slu\u010daju ne\u0107emo dostaviti, niti razotkriti podatke korisnika tre\u0107im osobama. Od navedenog se izuzima uvid od strane ovla\u0161tenih slu\u017ebi izvr\u0161ne i sudske vlasti Republike Hrvatske, za potrebe istra\u017enih radnji temeljem valjanog sudskog naloga.<br \/>\nMi redovito dajemo korisnicima mogu\u0107nost izbora o upotrebi njihovih podataka, uklju\u010duju\u0107i mogu\u0107nost odluke \u017eele li ili ne \u017eele da se njihovi podaci uklone s lista koje se koriste za marketin\u0161ke kampanje.<\/p>\n<p><strong>Politika kola\u010di\u0107a (cookies)<\/strong><\/p>\n<p>Kako bi internetska stranica radila ispravno te kako bi ju se moglo unaprje\u0111ivati u svrhu pobolj\u0161anja va\u0161eg iskustva pregledavanja, potrebno je minimalnu koli\u010dinu informacija (cookies) spremiti na va\u0161e ra\u010dunalo. Vi\u0161e od 90% internetskih stranica koristi praksu kola\u010di\u0107a te su po pravilima Euopske unije obvezne zatra\u017eiti pristanak korisnika. Kori\u0161tenjem ove internetske stranice pristajete na uporabu kola\u010di\u0107a, \u010dijim blokiranjem i dalje mo\u017eete pregledavati stranicu, no neke njezine mogu\u0107nosti ne\u0107e biti funkcionalne.<\/p>\n<p><strong>\u0160to je kola\u010di\u0107?<\/strong><\/p>\n<p>Kola\u010di\u0107 je informacija spremljena na osobno ra\u010dunalo u trenutku pregledavanja internetske stranice koju ste posjetili. Kola\u010di\u0107i omogu\u0107uju jednostavnije kori\u0161tenje budu\u0107i da spremaju Va\u0161e postavke za internetsku stranicu (jezik ili adresa) te ih pri ponovnom pokretanju iste iznova aktiviraju. Na taj na\u010din informacije su prilago\u0111ene Va\u0161im potrebama i uobi\u010dajenim na\u010dinima kori\u0161tenja.<\/p>\n<p>Od jednostavnih informacija o postavkama, kola\u010di\u0107i mogu spremiti i velik broj osobnih informacija (ime, e-mail adresa) za koje Vi u potpunosti morate dati pristup. Ukoliko im Vi to niste omogu\u0107ili, utoliko kola\u010di\u0107i ne mogu pristupiti datotekama na Va\u0161em ra\u010dunalu. Aktivnosti spremanja i slanja kola\u010di\u0107a Vama nisu vidljive, me\u0111utim mo\u017eete u postavkama izabranog internetskog preglednika odabrati mogu\u0107nost odobravanja\/odbijanja zahtjeva za spremanje kola\u010di\u0107a, brisanje spremljenih kola\u010di\u0107a i druge aktivnosti vezane uz kori\u0161tenje kola\u010di\u0107a.<\/p>\n<p><strong>Kako onemogu\u0107iti kola\u010di\u0107e?<\/strong><\/p>\n<p>Isklju\u010divanjem kola\u010di\u0107a ne dopu\u0161tate pohranjivanje istih na vlastitom ra\u010dunalu. Postavke kola\u010di\u0107a mogu se konfigurirati i mijenjati u izabranom internetskom pregledniku. Kako biste vidjeli postavke, odaberite preglednik koji koristite (Chrome, Firefox, Internet Explorer 9, Internet Explorer 7 i 8 te Operu ili Safari (stranice na engleskom jeziku)). Ukoliko onemogu\u0107ite kola\u010di\u0107e, utoliko ne\u0107ete biti u mogu\u0107nosti koristiti odre\u0111ene funkcionalnosti internetskih stranica.<br \/>\n<strong><br \/>\n\u0160to su privremeni kola\u010di\u0107i?<\/strong><\/p>\n<p>Privremeni kola\u010di\u0107i, ili kola\u010di\u0107i sesije, uklanjanju se s va\u0161eg osobnog ra\u010dunala u trenutku zatvaranja internetskog preglednika u kojem ste pregledavali internetsku stranicu. Uz pomo\u0107 ovih kola\u010di\u0107a, stranice pohranjuju privremene podatke.<\/p>\n<p><strong>\u0160to su stalni kola\u010di\u0107i?<\/strong><br \/>\nStalni, ili spremljeni, kola\u010di\u0107i ostaju na Va\u0161em osobnom ra\u010dunalu i nakon zatvaranja internetskog preglednika. Uz pomo\u0107 ovih kola\u010di\u0107a internetske stranice pohranjuju podatke kako bi Vam se olak\u0161alo kori\u0161tenje. Primjerice, internetske stranice koje zahtijevaju unos korisni\u010dkog imena i lozinke &#8221;zapamtit&#8221; \u0107e va\u0161 unos koji \u0107e se pojavljivati pri svakom novom posjetu istim. Stalni kola\u010di\u0107i ostat \u0107e zabilje\u017eeni na ra\u010dunalu danima, mjesecima ili godinama.<\/p>\n<p><strong>\u0160to su kola\u010di\u0107i od prve strane?<\/strong><\/p>\n<p>Kola\u010di\u0107i od prve strane dolaze s internetske stranice koju pregledavate, a mogu biti privremeni ili stalni. Na taj na\u010din, internetske stranice pohranjuju podatke koji \u0107e Vam olak\u0161ati kori\u0161tenje pri svakom novom posjetu toj internetskoj stranici.<\/p>\n<p><strong>\u0160to su kola\u010di\u0107i tre\u0107e strane?<\/strong><\/p>\n<p>Kola\u010di\u0107i tre\u0107e strane na Va\u0161e ra\u010dunalo dolaze s drugih web mjesta koje se nalaze na internetskoj stranici koju pregledavate. Rije\u010d je o primjerice pop-up oglasima, a kola\u010di\u0107i tu imaju ulogu pra\u0107enja internetskih stranica u ogla\u0161iva\u010dke svrhe.<br \/>\n<strong><br \/>\nKoristi li ova web stranica kola\u010di\u0107e?<\/strong><br \/>\nDa, ova internetska stranica koristi kola\u010di\u0107e kako bi Vam osigurala jednostavnije i bolje korisni\u010dko iskustvo.<br \/>\n<strong><br \/>\nKakve kola\u010di\u0107e koristi ova web stranica?<\/strong><\/p>\n<ul>\n<li>Privremene kola\u010di\u0107e (Session cookies) \u2013 rije\u010d je o kola\u010di\u0107ima koji \u0107e se automatski izbrisati prilikom zatvaranja internetskog preglednika u kojem radite<\/li>\n<li>Stalne kola\u010di\u0107e (Persistent cookies) \u2013 rije\u010d je o kola\u010di\u0107ima koji \u0107e ostati &#8221;zabilje\u017eeni&#8221; u va\u0161em internetskom pregledniku dok ne isteknu ili ih sami ru\u010dno ne izbri\u0161ete. Prikupljene informacije su anonimne, a ne uklju\u010duju va\u0161e privatne podatke<\/li>\n<\/ul>\n<p><strong>Ima li na web stranici kola\u010di\u0107a tre\u0107e strane?<\/strong><\/p>\n<p>Postoji nekoliko vanjskih servisa koji Vam spremaju ograni\u010dene kola\u010di\u0107e, a isti nije postavila ova internetska stranica. Limitirani kola\u010di\u0107i slu\u017ee za nesmetano kori\u0161tenje mogu\u0107nosti koje korisnicima osiguravaju jednostavan pristup sadr\u017eaju. Ova stranica omogu\u0107uje:<\/p>\n<ul>\n<li>Mjerenje posje\u0107enosti<\/li>\n<\/ul>\n<p>Stranica koristi Google Analytics &#8211; servis za mjerenje posje\u0107enosti. Ukoliko \u017eelite onemogu\u0107iti spremanje kola\u010di\u0107a od strane ovog servisa, zabranite ih na slijede\u0107em linku: Google Analytics &#8211;\u00a0<a href=\"https:\/\/tools.google.com\/dlpage\/gaoptout\" target=\"_blank\" rel=\"noopener noreferrer\">https:\/\/tools.google.com\/dlpage\/gaoptout\u00a0<\/a><br \/>\n<strong><br \/>\nDodatne informacija oko isklju\u010divanja kola\u010di\u0107a<\/strong><\/p>\n<p>Postoji nekoliko internetskih stranica za isklju\u010divanje pohranjivanja kola\u010di\u0107a za razli\u010dite servise.Vi\u0161e informacija pro\u010ditajte na sljede\u0107im linkovima:<br \/>\n<a href=\"http:\/\/www.allaboutcookies.org\/\" target=\"_blank\" rel=\"noopener noreferrer\">http:\/\/www.allaboutcookies.org\/\u00a0<\/a><br \/>\n<a href=\"http:\/\/www.youronlinechoices.eu\/\" target=\"_blank\" rel=\"noopener noreferrer\">http:\/\/www.youronlinechoices.eu\/<\/a><\/p>\n","protected":false},"excerpt":{"rendered":"<p>Uvjeti kori\u0161tenja Svi sadr\u017eaji objavljeni na ovom web podlije\u017eu za\u0161titi autorskih prava. Neovla\u0161teno kori\u0161tenje bilo kojeg dijela web i sadr\u017eaja smatra se kr\u0161enjem autorskih prava i podlo\u017eno je tu\u017ebi. U daljnjem tekstu poja\u0161njeni su uvjeti pod kojima se prikupljaju i koriste podaci koje je korisnik dostavio putem obrasca. Ukoliko se ne sla\u017eete sa sadr\u017eajem daljnjeg [&hellip;]<\/p>\n","protected":false},"author":1,"featured_media":0,"parent":0,"menu_order":0,"comment_status":"closed","ping_status":"closed","template":"","meta":{"_acf_changed":false,"footnotes":""},"class_list":["post-20366","page","type-page","status-publish","hentry"],"acf":[],"yoast_head":"<!-- This site is optimized with the Yoast SEO plugin v24.9 - https:\/\/yoast.com\/wordpress\/plugins\/seo\/ -->\n<title>Cookies - Horvatingatlanok<\/title>\n<meta name=\"robots\" content=\"index, follow, max-snippet:-1, max-image-preview:large, max-video-preview:-1\" \/>\n<link rel=\"canonical\" href=\"https:\/\/www.horvatingatlanok.com\/cookies\/\" \/>\n<meta property=\"og:locale\" content=\"hr_HR\" \/>\n<meta property=\"og:type\" content=\"article\" \/>\n<meta property=\"og:title\" content=\"Cookies - Horvatingatlanok\" \/>\n<meta property=\"og:description\" content=\"Uvjeti kori\u0161tenja Svi sadr\u017eaji objavljeni na ovom web podlije\u017eu za\u0161titi autorskih prava. Neovla\u0161teno kori\u0161tenje bilo kojeg dijela web i sadr\u017eaja smatra se kr\u0161enjem autorskih prava i podlo\u017eno je tu\u017ebi. U daljnjem tekstu poja\u0161njeni su uvjeti pod kojima se prikupljaju i koriste podaci koje je korisnik dostavio putem obrasca. Ukoliko se ne sla\u017eete sa sadr\u017eajem daljnjeg [&hellip;]\" \/>\n<meta property=\"og:url\" content=\"https:\/\/www.horvatingatlanok.com\/cookies\/\" \/>\n<meta property=\"og:site_name\" content=\"Horvatingatlanok\" \/>\n<meta property=\"article:publisher\" content=\"https:\/\/www.facebook.com\/Danica-741842372623426\/\" \/>\n<meta name=\"twitter:card\" content=\"summary_large_image\" \/>\n<meta name=\"twitter:site\" content=\"@HSzikora\" \/>\n<meta name=\"twitter:label1\" content=\"Est. reading time\" \/>\n\t<meta name=\"twitter:data1\" content=\"5 minutes\" \/>\n<script type=\"application\/ld+json\" class=\"yoast-schema-graph\">{\"@context\":\"https:\/\/schema.org\",\"@graph\":[{\"@type\":\"WebPage\",\"@id\":\"https:\/\/www.horvatingatlanok.com\/cookies\/\",\"url\":\"https:\/\/www.horvatingatlanok.com\/cookies\/\",\"name\":\"Cookies - Horvatingatlanok\",\"isPartOf\":{\"@id\":\"https:\/\/www.horvatingatlanok.com\/en\/#website\"},\"datePublished\":\"2018-08-16T09:12:18+00:00\",\"breadcrumb\":{\"@id\":\"https:\/\/www.horvatingatlanok.com\/cookies\/#breadcrumb\"},\"inLanguage\":\"hr\",\"potentialAction\":[{\"@type\":\"ReadAction\",\"target\":[\"https:\/\/www.horvatingatlanok.com\/cookies\/\"]}]},{\"@type\":\"BreadcrumbList\",\"@id\":\"https:\/\/www.horvatingatlanok.com\/cookies\/#breadcrumb\",\"itemListElement\":[{\"@type\":\"ListItem\",\"position\":1,\"name\":\"Home\",\"item\":\"https:\/\/www.horvatingatlanok.com\/home\/\"},{\"@type\":\"ListItem\",\"position\":2,\"name\":\"Cookies\"}]},{\"@type\":\"WebSite\",\"@id\":\"https:\/\/www.horvatingatlanok.com\/en\/#website\",\"url\":\"https:\/\/www.horvatingatlanok.com\/en\/\",\"name\":\"Horvatingatlanok\",\"description\":\"Nekretnine Danica\",\"potentialAction\":[{\"@type\":\"SearchAction\",\"target\":{\"@type\":\"EntryPoint\",\"urlTemplate\":\"https:\/\/www.horvatingatlanok.com\/en\/?s={search_term_string}\"},\"query-input\":{\"@type\":\"PropertyValueSpecification\",\"valueRequired\":true,\"valueName\":\"search_term_string\"}}],\"inLanguage\":\"hr\"}]}<\/script>\n<!-- \/ Yoast SEO plugin. -->","yoast_head_json":{"title":"Cookies - Horvatingatlanok","robots":{"index":"index","follow":"follow","max-snippet":"max-snippet:-1","max-image-preview":"max-image-preview:large","max-video-preview":"max-video-preview:-1"},"canonical":"https:\/\/www.horvatingatlanok.com\/cookies\/","og_locale":"hr_HR","og_type":"article","og_title":"Cookies - Horvatingatlanok","og_description":"Uvjeti kori\u0161tenja Svi sadr\u017eaji objavljeni na ovom web podlije\u017eu za\u0161titi autorskih prava. Neovla\u0161teno kori\u0161tenje bilo kojeg dijela web i sadr\u017eaja smatra se kr\u0161enjem autorskih prava i podlo\u017eno je tu\u017ebi. U daljnjem tekstu poja\u0161njeni su uvjeti pod kojima se prikupljaju i koriste podaci koje je korisnik dostavio putem obrasca. Ukoliko se ne sla\u017eete sa sadr\u017eajem daljnjeg [&hellip;]","og_url":"https:\/\/www.horvatingatlanok.com\/cookies\/","og_site_name":"Horvatingatlanok","article_publisher":"https:\/\/www.facebook.com\/Danica-741842372623426\/","twitter_card":"summary_large_image","twitter_site":"@HSzikora","twitter_misc":{"Est. reading time":"5 minutes"},"schema":{"@context":"https:\/\/schema.org","@graph":[{"@type":"WebPage","@id":"https:\/\/www.horvatingatlanok.com\/cookies\/","url":"https:\/\/www.horvatingatlanok.com\/cookies\/","name":"Cookies - Horvatingatlanok","isPartOf":{"@id":"https:\/\/www.horvatingatlanok.com\/en\/#website"},"datePublished":"2018-08-16T09:12:18+00:00","breadcrumb":{"@id":"https:\/\/www.horvatingatlanok.com\/cookies\/#breadcrumb"},"inLanguage":"hr","potentialAction":[{"@type":"ReadAction","target":["https:\/\/www.horvatingatlanok.com\/cookies\/"]}]},{"@type":"BreadcrumbList","@id":"https:\/\/www.horvatingatlanok.com\/cookies\/#breadcrumb","itemListElement":[{"@type":"ListItem","position":1,"name":"Home","item":"https:\/\/www.horvatingatlanok.com\/home\/"},{"@type":"ListItem","position":2,"name":"Cookies"}]},{"@type":"WebSite","@id":"https:\/\/www.horvatingatlanok.com\/en\/#website","url":"https:\/\/www.horvatingatlanok.com\/en\/","name":"Horvatingatlanok","description":"Nekretnine Danica","potentialAction":[{"@type":"SearchAction","target":{"@type":"EntryPoint","urlTemplate":"https:\/\/www.horvatingatlanok.com\/en\/?s={search_term_string}"},"query-input":{"@type":"PropertyValueSpecification","valueRequired":true,"valueName":"search_term_string"}}],"inLanguage":"hr"}]}},"_links":{"self":[{"href":"https:\/\/www.horvatingatlanok.com\/hr\/wp-json\/wp\/v2\/pages\/20366","targetHints":{"allow":["GET"]}}],"collection":[{"href":"https:\/\/www.horvatingatlanok.com\/hr\/wp-json\/wp\/v2\/pages"}],"about":[{"href":"https:\/\/www.horvatingatlanok.com\/hr\/wp-json\/wp\/v2\/types\/page"}],"author":[{"embeddable":true,"href":"https:\/\/www.horvatingatlanok.com\/hr\/wp-json\/wp\/v2\/users\/1"}],"replies":[{"embeddable":true,"href":"https:\/\/www.horvatingatlanok.com\/hr\/wp-json\/wp\/v2\/comments?post=20366"}],"version-history":[{"count":1,"href":"https:\/\/www.horvatingatlanok.com\/hr\/wp-json\/wp\/v2\/pages\/20366\/revisions"}],"predecessor-version":[{"id":20367,"href":"https:\/\/www.horvatingatlanok.com\/hr\/wp-json\/wp\/v2\/pages\/20366\/revisions\/20367"}],"wp:attachment":[{"href":"https:\/\/www.horvatingatlanok.com\/hr\/wp-json\/wp\/v2\/media?parent=20366"}],"curies":[{"name":"wp","href":"https:\/\/api.w.org\/{rel}","templated":true}]}}