{"id":13533,"date":"2019-04-10T10:57:26","date_gmt":"2019-04-10T10:57:26","guid":{"rendered":"http:\/\/www.horvatingatlanok.com\/?page_id=13533"},"modified":"2019-04-10T10:57:26","modified_gmt":"2019-04-10T10:57:26","slug":"services","status":"publish","type":"page","link":"https:\/\/www.horvatingatlanok.com\/en\/services\/","title":{"rendered":"Services"},"content":{"rendered":"<p><span id=\"result_box\" class=\"\" lang=\"en\"><span title=\"Teljes k\u00f6r\u0171 kivitelez\u00e9s, \u00e9p\u00edt\u00e9s, fel\u00faj\u00edt\u00e1s! \"><strong>Complete design, construction, renovation!<\/strong><\/span><\/span><\/p>\n<p><span id=\"result_box\" class=\"\" lang=\"en\"><span title=\"Teljes k\u00f6r\u0171 kivitelez\u00e9s, \u00e9p\u00edt\u00e9s, fel\u00faj\u00edt\u00e1s! \"><br \/>\n<\/span><span title=\"V\u00e9gre lehet\u0151s\u00e9g ny\u00edlt felvenni a kapcsolatot egy megb\u00edzhat\u00f3, korrekt, leinform\u00e1lhat\u00f3 \u00e9p\u00edt\u0151ipari kivitelez\u0151 c\u00e9ggel, amisok ember sz\u00e1m\u00e1ra tud megold\u00e1st ny\u00fajtani az Adriai \u00e9p\u00edtkez\u00e9sekkel, fel\u00faj\u00edt\u00e1sokkal kapcsolatban.\">Finally, it was possible to get in touch with a reliable, correct, easy-to-install construction company that can provide solutions for the construction and refurbishment of the Adriatic. <\/span><span title=\"Legyen sz\u00f3 z\u00f6ldmez\u0151s beruh\u00e1z\u00e1sr\u00f3l, b\u0151v\u00edt\u00e9sr\u0151l, stb.\">Whether it is greenfield investment, expansion, etc. <\/span><span title=\"az ottani jogszab\u00e1lyoknak megfelel\u0151en \u0151k mindent megoldanak.\">according to the laws there, they will solve everything. <\/span><span title=\"Nem kell idegeskedni, rohang\u00e1lni, tolm\u00e1csot, \u00fcgyv\u00e9det fogadni, ez mostant\u00f3l nem az \u00d6n gondja. \">You do not have to get nervous, run around, interpreter, lawyer, this is not your problem now.<br \/>\n<\/span><span title=\"A v\u00e1llalat jelenleg a Horv\u00e1t K\u00f6zt\u00e1rsas\u00e1g ter\u00fclet\u00e9n tev\u00e9kenykedik \u00e9s \u00e9p\u00edt\u00e9si szolg\u00e1ltat\u00e1sokat ny\u00fajt, vagyis \u00e9p\u00fcletekkivitelez\u00e9s\u00e9t, fel\u00faj\u00edt\u00e1s\u00e1t v\u00e9gzi.. \">The company is currently active in the territory of the Republic of Croatia and provides construction services, ie its construction and renovation.<\/span><\/span><\/p>\n<p><span id=\"result_box\" class=\"\" lang=\"en\"><span title=\"A v\u00e1llalat jelenleg a Horv\u00e1t K\u00f6zt\u00e1rsas\u00e1g ter\u00fclet\u00e9n tev\u00e9kenykedik \u00e9s \u00e9p\u00edt\u00e9si szolg\u00e1ltat\u00e1sokat ny\u00fajt, vagyis \u00e9p\u00fcletekkivitelez\u00e9s\u00e9t, fel\u00faj\u00edt\u00e1s\u00e1t v\u00e9gzi.. \"><br \/>\n<\/span><span title=\"A v\u00e1llalat \u00fczleti filoz\u00f3fi\u00e1ja: \">Business philosophy of the company:<br \/>\n<\/span><span title=\"\u2022a befektet\u0151kh\u00f6z f\u0171z\u0151d\u0151 bizalom \u00e9s integrit\u00e1s \">\u2022 trust and integrity of investors<br \/>\n<\/span><span title=\"\u2022csapatmunka \">\u2022teamwork<br \/>\n<\/span><span title=\"\u2022pozit\u00edv tapasztalatok \u00e9s hossz\u00fa t\u00e1v\u00fa vev\u0151i el\u00e9gedetts\u00e9g megteremt\u00e9se \">\u2022 Creating positive experiences and long-term customer satisfaction<br \/>\n<\/span><span title=\"\u2022\u00fajdons\u00e1g elfogad\u00e1sa a piacon \">\u2022 Accept new products on the market<br \/>\n<\/span><span title=\"\u2022kreativit\u00e1s \">\u2022creativity<br \/>\n<\/span><span title=\"\u2022a tud\u00e1s \u00e9s a siker k\u00f6lcs\u00f6n\u00f6s cser\u00e9je \">\u2022 Mutual exchange of knowledge and success<\/span><\/span><\/p>\n<p><span id=\"result_box\" class=\"\" lang=\"en\"><span title=\"\u2022a tud\u00e1s \u00e9s a siker k\u00f6lcs\u00f6n\u00f6s cser\u00e9je \"><br \/>\n<\/span><span title=\"Amennyiben \u00d6n is \u00edgy gondolja, v\u00e1rom jelentkez\u00e9s\u00e9t.\">If you think so, I am looking forward to your application.<\/span><\/span><\/p>\n","protected":false},"excerpt":{"rendered":"<p>Complete design, construction, renovation! Finally, it was possible to get in touch with a reliable, correct, easy-to-install construction company that can provide solutions for the construction and refurbishment of the Adriatic. Whether it is greenfield investment, expansion, etc. according to the laws there, they will solve everything. You do not have to get nervous, run [&hellip;]<\/p>\n","protected":false},"author":1,"featured_media":0,"parent":0,"menu_order":0,"comment_status":"closed","ping_status":"closed","template":"template\/template-page.php","meta":{"_acf_changed":false,"footnotes":""},"class_list":["post-13533","page","type-page","status-publish","hentry"],"acf":[],"yoast_head":"<!-- This site is optimized with the Yoast SEO plugin v24.9 - https:\/\/yoast.com\/wordpress\/plugins\/seo\/ -->\n<title>Services - Horvatingatlanok<\/title>\n<meta name=\"robots\" content=\"index, follow, max-snippet:-1, max-image-preview:large, max-video-preview:-1\" \/>\n<link rel=\"canonical\" href=\"https:\/\/www.horvatingatlanok.com\/szolgaltatasok\/\" \/>\n<meta property=\"og:locale\" content=\"en_US\" \/>\n<meta property=\"og:type\" content=\"article\" \/>\n<meta property=\"og:title\" content=\"Services - Horvatingatlanok\" \/>\n<meta property=\"og:description\" content=\"Complete design, construction, renovation! Finally, it was possible to get in touch with a reliable, correct, easy-to-install construction company that can provide solutions for the construction and refurbishment of the Adriatic. Whether it is greenfield investment, expansion, etc. according to the laws there, they will solve everything. You do not have to get nervous, run [&hellip;]\" \/>\n<meta property=\"og:url\" content=\"https:\/\/www.horvatingatlanok.com\/szolgaltatasok\/\" \/>\n<meta property=\"og:site_name\" content=\"Horvatingatlanok\" \/>\n<meta property=\"article:publisher\" content=\"https:\/\/www.facebook.com\/Danica-741842372623426\/\" \/>\n<meta name=\"twitter:card\" content=\"summary_large_image\" \/>\n<meta name=\"twitter:site\" content=\"@HSzikora\" \/>\n<meta name=\"twitter:label1\" content=\"Est. reading time\" \/>\n\t<meta name=\"twitter:data1\" content=\"1 minute\" \/>\n<script type=\"application\/ld+json\" class=\"yoast-schema-graph\">{\"@context\":\"https:\/\/schema.org\",\"@graph\":[{\"@type\":\"WebPage\",\"@id\":\"https:\/\/www.horvatingatlanok.com\/szolgaltatasok\/\",\"url\":\"https:\/\/www.horvatingatlanok.com\/szolgaltatasok\/\",\"name\":\"Services - Horvatingatlanok\",\"isPartOf\":{\"@id\":\"https:\/\/www.horvatingatlanok.com\/en\/#website\"},\"datePublished\":\"2019-04-10T10:57:26+00:00\",\"breadcrumb\":{\"@id\":\"https:\/\/www.horvatingatlanok.com\/szolgaltatasok\/#breadcrumb\"},\"inLanguage\":\"en-US\",\"potentialAction\":[{\"@type\":\"ReadAction\",\"target\":[\"https:\/\/www.horvatingatlanok.com\/szolgaltatasok\/\"]}]},{\"@type\":\"BreadcrumbList\",\"@id\":\"https:\/\/www.horvatingatlanok.com\/szolgaltatasok\/#breadcrumb\",\"itemListElement\":[{\"@type\":\"ListItem\",\"position\":1,\"name\":\"Home\",\"item\":\"https:\/\/www.horvatingatlanok.com\/home\/\"},{\"@type\":\"ListItem\",\"position\":2,\"name\":\"Services\"}]},{\"@type\":\"WebSite\",\"@id\":\"https:\/\/www.horvatingatlanok.com\/en\/#website\",\"url\":\"https:\/\/www.horvatingatlanok.com\/en\/\",\"name\":\"Horvatingatlanok\",\"description\":\"Nekretnine Danica\",\"potentialAction\":[{\"@type\":\"SearchAction\",\"target\":{\"@type\":\"EntryPoint\",\"urlTemplate\":\"https:\/\/www.horvatingatlanok.com\/en\/?s={search_term_string}\"},\"query-input\":{\"@type\":\"PropertyValueSpecification\",\"valueRequired\":true,\"valueName\":\"search_term_string\"}}],\"inLanguage\":\"en-US\"}]}<\/script>\n<!-- \/ Yoast SEO plugin. -->","yoast_head_json":{"title":"Services - Horvatingatlanok","robots":{"index":"index","follow":"follow","max-snippet":"max-snippet:-1","max-image-preview":"max-image-preview:large","max-video-preview":"max-video-preview:-1"},"canonical":"https:\/\/www.horvatingatlanok.com\/szolgaltatasok\/","og_locale":"en_US","og_type":"article","og_title":"Services - Horvatingatlanok","og_description":"Complete design, construction, renovation! Finally, it was possible to get in touch with a reliable, correct, easy-to-install construction company that can provide solutions for the construction and refurbishment of the Adriatic. Whether it is greenfield investment, expansion, etc. according to the laws there, they will solve everything. You do not have to get nervous, run [&hellip;]","og_url":"https:\/\/www.horvatingatlanok.com\/szolgaltatasok\/","og_site_name":"Horvatingatlanok","article_publisher":"https:\/\/www.facebook.com\/Danica-741842372623426\/","twitter_card":"summary_large_image","twitter_site":"@HSzikora","twitter_misc":{"Est. reading time":"1 minute"},"schema":{"@context":"https:\/\/schema.org","@graph":[{"@type":"WebPage","@id":"https:\/\/www.horvatingatlanok.com\/szolgaltatasok\/","url":"https:\/\/www.horvatingatlanok.com\/szolgaltatasok\/","name":"Services - Horvatingatlanok","isPartOf":{"@id":"https:\/\/www.horvatingatlanok.com\/en\/#website"},"datePublished":"2019-04-10T10:57:26+00:00","breadcrumb":{"@id":"https:\/\/www.horvatingatlanok.com\/szolgaltatasok\/#breadcrumb"},"inLanguage":"en-US","potentialAction":[{"@type":"ReadAction","target":["https:\/\/www.horvatingatlanok.com\/szolgaltatasok\/"]}]},{"@type":"BreadcrumbList","@id":"https:\/\/www.horvatingatlanok.com\/szolgaltatasok\/#breadcrumb","itemListElement":[{"@type":"ListItem","position":1,"name":"Home","item":"https:\/\/www.horvatingatlanok.com\/home\/"},{"@type":"ListItem","position":2,"name":"Services"}]},{"@type":"WebSite","@id":"https:\/\/www.horvatingatlanok.com\/en\/#website","url":"https:\/\/www.horvatingatlanok.com\/en\/","name":"Horvatingatlanok","description":"Nekretnine Danica","potentialAction":[{"@type":"SearchAction","target":{"@type":"EntryPoint","urlTemplate":"https:\/\/www.horvatingatlanok.com\/en\/?s={search_term_string}"},"query-input":{"@type":"PropertyValueSpecification","valueRequired":true,"valueName":"search_term_string"}}],"inLanguage":"en-US"}]}},"_links":{"self":[{"href":"https:\/\/www.horvatingatlanok.com\/en\/wp-json\/wp\/v2\/pages\/13533","targetHints":{"allow":["GET"]}}],"collection":[{"href":"https:\/\/www.horvatingatlanok.com\/en\/wp-json\/wp\/v2\/pages"}],"about":[{"href":"https:\/\/www.horvatingatlanok.com\/en\/wp-json\/wp\/v2\/types\/page"}],"author":[{"embeddable":true,"href":"https:\/\/www.horvatingatlanok.com\/en\/wp-json\/wp\/v2\/users\/1"}],"replies":[{"embeddable":true,"href":"https:\/\/www.horvatingatlanok.com\/en\/wp-json\/wp\/v2\/comments?post=13533"}],"version-history":[{"count":4,"href":"https:\/\/www.horvatingatlanok.com\/en\/wp-json\/wp\/v2\/pages\/13533\/revisions"}],"predecessor-version":[{"id":23803,"href":"https:\/\/www.horvatingatlanok.com\/en\/wp-json\/wp\/v2\/pages\/13533\/revisions\/23803"}],"wp:attachment":[{"href":"https:\/\/www.horvatingatlanok.com\/en\/wp-json\/wp\/v2\/media?parent=13533"}],"curies":[{"name":"wp","href":"https:\/\/api.w.org\/{rel}","templated":true}]}}